{"id":2678,"date":"2014-02-26T22:21:37","date_gmt":"2014-02-26T21:21:37","guid":{"rendered":"https:\/\/www.hoffland.nl\/metaalrecycling-2\/"},"modified":"2015-01-23T10:52:44","modified_gmt":"2015-01-23T09:52:44","slug":"metallrecycling","status":"publish","type":"page","link":"https:\/\/www.hoffland.nl\/de\/metallrecycling\/","title":{"rendered":"Metallrecycling"},"content":{"rendered":"<h1>Hoffland |\u00a0<strong>Metallrecycling<\/strong> | Den Dolder<\/h1>\n<p>&nbsp;<\/p>\n<h2>Einsammlung | Trennung | Bearbeitung | Metallrecycling<\/h2>\n<p>&nbsp;<\/p>\n<p><strong>Hoffland ist fortschrittlich in Metallrecycling<\/strong><br \/>\nDie weitverbreitete Zuwendung der Metalle verursacht eine Unmenge entlassenden Schrotts. Hoffland Metallrecycling sammelt den Schrott ein, sortiert und verarbeitet ihn, sodass der Schrott geeignet ist als Einsatzmaterial f\u00fcr neues Metall.<\/p>\n<p>W\u00e4hrend des Recyclungsprozesses werden die Metalle und andere Materialen sortiert. Danach werden die Metalle entweder zusammengepresst oder geschnitten, sodass sie als Einsatzmaterial angeboten werden k\u00f6nnen an die Metallindustrie. Auf dieser Weise kann das Schrott wiederverwertet werden f\u00fcr neue Produkte. Hoffland Metallrecycling begleitet diesen Prozess mit \u00e4u\u00dferster Aufmerksamkeit.<\/p>\n<p><strong>Arbeitsweise<\/strong><br \/>\nZugunsten der Entsorgung des Schrotts verf\u00fcgt Hoffland Metallrecycling \u00fcber eigenen Containerwagen und eigenen Container verschiedener Gr\u00f6\u00dfen. Diese Container werden auf Abruf zur Verf\u00fcgung gestellt.<\/p>\n<p>Wenn die Tonnage Schrotts zu gro\u00df oder zu viel ist, nicht in den Containern passt, und nicht durch den Lieferant verarbeitet werden kann, bietet Hoffland die M\u00f6glichkeit den Schrott am Ort zu verarbeiten, zu verkleinern und mit eigenen Kr\u00e4nen zu verladen.<\/p>\n<p>Darauf transportiert Hoffland Metallrecycling den Schrott zu der eigenen Verarbeitungsanlage in Den Dolder, wo der Schrott sortiert und allenfalls verarbeitet wird, sodass der Schrott als Einsatzmaterial verwendet werden kann f\u00fcr neues Metall.<\/p>\n<p><strong>Zeugnisse<\/strong><\/p>\n<p>Entweder f\u00fcr das Transportieren, Einsammeln, Handeln, oder das Vermitteln der Betriebsabfallstoffe und des Gefahrenguts verf\u00fcgt Hoffland Metallrecycling \u00fcber die folgenden niederl\u00e4ndischen Zeugnisse: \u201eMetaal Recycling Federatie\u201c (MRF) und NIWO-VIHB.<\/p>\n<p>&nbsp;<\/p>\n<p>&nbsp;<\/p>\n","protected":false},"excerpt":{"rendered":"<p>Hoffland |\u00a0Metallrecycling | Den Dolder &nbsp; Einsammlung | Trennung | Bearbeitung | Metallrecycling &nbsp; Hoffland ist fortschrittlich in Metallrecycling Die weitverbreitete Zuwendung der Metalle verursacht eine Unmenge entlassenden Schrotts. Hoffland Metallrecycling sammelt den Schrott ein, sortiert und verarbeitet ihn, sodass der Schrott geeignet ist als Einsatzmaterial f\u00fcr neues Metall. W\u00e4hrend des Recyclungsprozesses werden die Metalle&#8230; <a href=\"https:\/\/www.hoffland.nl\/de\/metallrecycling\/\" class=\"excerpt-read-more\">Read More<\/a><\/p>\n","protected":false},"author":2,"featured_media":0,"parent":0,"menu_order":3,"comment_status":"closed","ping_status":"closed","template":"","meta":{"footnotes":""},"class_list":["post-2678","page","type-page","status-publish","hentry"],"_links":{"self":[{"href":"https:\/\/www.hoffland.nl\/de\/wp-json\/wp\/v2\/pages\/2678","targetHints":{"allow":["GET"]}}],"collection":[{"href":"https:\/\/www.hoffland.nl\/de\/wp-json\/wp\/v2\/pages"}],"about":[{"href":"https:\/\/www.hoffland.nl\/de\/wp-json\/wp\/v2\/types\/page"}],"author":[{"embeddable":true,"href":"https:\/\/www.hoffland.nl\/de\/wp-json\/wp\/v2\/users\/2"}],"replies":[{"embeddable":true,"href":"https:\/\/www.hoffland.nl\/de\/wp-json\/wp\/v2\/comments?post=2678"}],"version-history":[{"count":3,"href":"https:\/\/www.hoffland.nl\/de\/wp-json\/wp\/v2\/pages\/2678\/revisions"}],"predecessor-version":[{"id":2730,"href":"https:\/\/www.hoffland.nl\/de\/wp-json\/wp\/v2\/pages\/2678\/revisions\/2730"}],"wp:attachment":[{"href":"https:\/\/www.hoffland.nl\/de\/wp-json\/wp\/v2\/media?parent=2678"}],"curies":[{"name":"wp","href":"https:\/\/api.w.org\/{rel}","templated":true}]}}